{"id":569,"date":"2024-05-05T14:09:11","date_gmt":"2024-05-05T12:09:11","guid":{"rendered":"https:\/\/marikebotanique.fr\/?page_id=569"},"modified":"2025-06-15T09:22:48","modified_gmt":"2025-06-15T07:22:48","slug":"special-fete-des-meres","status":"publish","type":"page","link":"https:\/\/marikebotanique.fr\/","title":{"rendered":"Accueil"},"content":{"rendered":"\n<p class=\"has-text-color has-link-color has-large-font-size wp-elements-6db35557c56ffe55718c71da8e8078b2\" style=\"color:#1e7735;font-style:normal;font-weight:200\"><strong>Bienvenue chez Marike Botanique <\/strong><\/p>\n\n\n\n<p style=\"font-size:16px;font-style:normal;font-weight:300\">Vous recherchez une belle <a href=\"https:\/\/marikebotanique.fr\/index.php\/category\/plantes\/\"><strong>plante<\/strong><\/a> ou une <a href=\"https:\/\/marikebotanique.fr\/index.php\/category\/compositions\/\"><strong>composition<\/strong><\/a> originale dans les environs d\u2019Orchies, chez Marike Botanique chaque cr\u00e9ation est unique.<\/p>\n\n\n\n<p class=\"has-text-color has-link-color has-medium-font-size wp-elements-e84a8ee19cb806bba8998e7cc607fc13\" style=\"color:#376b42;font-style:normal;font-weight:300\"><strong>COLLECTIONS<\/strong><\/p>\n\n\n\n<p style=\"font-size:16px;font-style:normal;font-weight:300\">D\u2019un passe-temps favori, les plantes et les compositions sont devenues une v\u00e9ritable activit\u00e9 artisanale dans laquelle j\u2019exprime tout mon savoir-faire et ma cr\u00e9ativit\u00e9. Vous trouverez donc des cr\u00e9ations authentiques r\u00e9alis\u00e9es avec passion et grand soin pour les v\u00e9g\u00e9taux. En fonction des saisons, je propose \u00e9galement des <a href=\"https:\/\/marikebotanique.fr\/index.php\/category\/plantes\/plantes-dexterieur\/\"><strong>plantes d\u2019ext\u00e9rieur<\/strong><\/a> ou des compositions \u00e0 th\u00e8me pour <a href=\"https:\/\/marikebotanique.fr\/index.php\/category\/fetes\/st-valentin\/\"><strong>la St Valentin<\/strong><\/a>, <a href=\"https:\/\/marikebotanique.fr\/index.php\/category\/fetes\/paques\/\"><strong>P\u00e2ques<\/strong><\/a>, <a href=\"https:\/\/marikebotanique.fr\/index.php\/category\/fetes\/fetes-des-meres\/\"><strong>la F\u00eates des M\u00e8res<\/strong><\/a> ou encore <a href=\"https:\/\/marikebotanique.fr\/index.php\/category\/fetes\/noel\/\"><strong>No\u00ebl<\/strong><\/a>.<\/p>\n\n\n\n<p style=\"font-size:16px;font-style:normal;font-weight:300\">Vous cherchez un cadeau original ou vous souhaitez vous faire plaisir, un large \u00e9ventail de plantes de qualit\u00e9 s\u2019offre \u00e0 vous, ainsi que des <a href=\"https:\/\/marikebotanique.fr\/index.php\/category\/objets\/vintage\/\"><strong>objets d\u00e9coratifs vintage<\/strong><\/a> ou <a href=\"https:\/\/marikebotanique.fr\/index.php\/category\/objets\/tendance\/\"><strong>tendance<\/strong><\/a> pour votre int\u00e9rieur ou pour votre ext\u00e9rieur. Que vous ayez la main verte ou pas, il y en a pour tous les go\u00fbts et tous les budgets. Je vous propose une gamme de plantes vari\u00e9e seules en pot ou compos\u00e9es dans un <a href=\"https:\/\/marikebotanique.fr\/index.php\/category\/creation_personnalisees\/terrariums\/\"><strong>terrarium<\/strong><\/a>, une jardini\u00e8re ou encore une <a href=\"https:\/\/marikebotanique.fr\/index.php\/category\/plantes\/suspensions\/\"><strong>suspension<\/strong><\/a>. <\/p>\n\n\n\n<p style=\"font-size:16px;font-style:normal;font-weight:300\">Les plantes sont des \u00eatres vivants. Elles peuvent diff\u00e9rer l\u00e9g\u00e8rement des photos, mais les coloris, la taille et l&#8217;apparence seront les m\u00eames. Toutefois, les contenants \u00e9tant pour la plupart des pi\u00e8ces uniques, si votre choix est indisponible, je vous proposerai un produit similaire. Je vous enverrai bien \u00e9videment une photo du produit command\u00e9.<\/p>\n\n\n\n<p class=\"has-text-color has-link-color has-medium-font-size wp-elements-06dd32ca98556c909f227d9e5c4134ab\" style=\"color:#376b42;font-style:normal;font-weight:300\"><strong>SUR MESURE &amp; ABONNEMENT<\/strong><\/p>\n\n\n\n<p style=\"font-size:16px;font-style:normal;font-weight:300\">Si&nbsp;vous avez des souhaits particuliers pour vos compositions, je cr\u00e9e des <a href=\"https:\/\/marikebotanique.fr\/index.php\/category\/creation_personnalisees\/\"><strong>compositions personnalis\u00e9es<\/strong><\/a>. <a href=\"https:\/\/marikebotanique.fr\/index.php\/contact\/\"><strong>Contactez-moi<\/strong><\/a> pour une cr\u00e9ation sur mesure. Il est aussi possible de prendre un <a href=\"https:\/\/marikebotanique.fr\/index.php\/abonnements\/\"><strong>abonnement<\/strong><\/a> que vous soyez un particulier ou un professionnel. A partir de 30 euros, j\u2019effectue des <a href=\"https:\/\/marikebotanique.fr\/index.php\/abonnements\/\"><strong>livraisons mensuelles ou bi-mensuelles<\/strong><\/a> avec des plantes et des compositions de votre choix.<\/p>\n\n\n\n<p class=\"has-text-color has-link-color has-medium-font-size wp-elements-435e62e2913def2d23e118f0a6da9826\" style=\"color:#376b42;font-style:normal;font-weight:300\"><strong>LIVRAISON &amp; CONTACT<\/strong><\/p>\n\n\n\n<p style=\"font-size:16px;font-style:normal;font-weight:300\">Vous pouvez commander via le formulaire sur ce site, par mail \u00e0 l&#8217;adresse : <a href=\"mailto:contact@marikebotanique.fr\">contact@marikebotanique.fr<\/a> ou en t\u00e9l\u00e9phonant au 06.95.91.62.10. Vous pouvez venir retirer vos commandes le samedi-matin de 9h \u00e0 12h dans mon atelier. Il est \u00e9galement possible d&#8217;opter pour une livraison. &nbsp;Celle-ci est gratuite sur les communes d\u2019Orchies, de Coutiches, de R\u00e2ches et de Flines les R\u00e2ches. Pour les communes ci-apr\u00e8s, les frais de livraison s\u2019\u00e9l\u00e8vent \u00e0 5 euros.<\/p>\n\n\n\n<p style=\"font-size:16px;font-style:normal;font-weight:300\">Anhiers, Auby, Bers\u00e9e, Beuvry-la-For\u00eat, Bouvignies, Bruille-lez-Marchiennes, Capelle-en-P\u00e9v\u00e8le, Cuincy, Dechy, Douai, Faumont, Flers-en-Escrebieux, Genech, Lauwin-Planque, Leforest, Lambres-lez-Douai, Lallaing, &nbsp;Marchiennes, M\u00e9rignies, Moncheaux, Mons-en-P\u00e9v\u00e8le, Nomain, Pecquencourt, Pont-\u00e0-Marcq, Raimbeaucourt, Roost Warendin, Sin-le-Noble, Vred, Waziers.<\/p>\n\n\n\n<p class=\"has-medium-font-size\" style=\"font-style:normal;font-weight:300;letter-spacing:1px\"><\/p>\n\n\n\n<div class=\"wp-block-columns is-layout-flex wp-container-core-columns-is-layout-9d6595d7 wp-block-columns-is-layout-flex\">\n<div class=\"wp-block-column is-layout-flow wp-block-column-is-layout-flow\">\n<figure class=\"wp-block-image size-large\"><img loading=\"lazy\" decoding=\"async\" width=\"950\" height=\"1024\" src=\"http:\/\/marikebotanique.fr\/wp-content\/uploads\/2024\/04\/20240330_123746-scaled-e1717785112676-950x1024.jpg\" alt=\"\" class=\"wp-image-427\" srcset=\"https:\/\/marikebotanique.fr\/wp-content\/uploads\/2024\/04\/20240330_123746-scaled-e1717785112676-950x1024.jpg 950w, https:\/\/marikebotanique.fr\/wp-content\/uploads\/2024\/04\/20240330_123746-scaled-e1717785112676-278x300.jpg 278w, https:\/\/marikebotanique.fr\/wp-content\/uploads\/2024\/04\/20240330_123746-scaled-e1717785112676-768x828.jpg 768w, https:\/\/marikebotanique.fr\/wp-content\/uploads\/2024\/04\/20240330_123746-scaled-e1717785112676-56x60.jpg 56w, https:\/\/marikebotanique.fr\/wp-content\/uploads\/2024\/04\/20240330_123746-scaled-e1717785112676.jpg 1211w\" sizes=\"auto, (max-width: 950px) 100vw, 950px\" \/><figcaption class=\"wp-element-caption\">     Composition tendance<\/figcaption><\/figure>\n<\/div>\n\n\n\n<div class=\"wp-block-column is-layout-flow wp-block-column-is-layout-flow\">\n<figure class=\"wp-block-image size-large\"><img loading=\"lazy\" decoding=\"async\" width=\"1002\" height=\"1024\" src=\"http:\/\/marikebotanique.fr\/wp-content\/uploads\/2024\/04\/20240420_122544-scaled-e1713617869924-1002x1024.jpg\" alt=\"\" class=\"wp-image-456\" srcset=\"https:\/\/marikebotanique.fr\/wp-content\/uploads\/2024\/04\/20240420_122544-scaled-e1713617869924-1002x1024.jpg 1002w, https:\/\/marikebotanique.fr\/wp-content\/uploads\/2024\/04\/20240420_122544-scaled-e1713617869924-294x300.jpg 294w, https:\/\/marikebotanique.fr\/wp-content\/uploads\/2024\/04\/20240420_122544-scaled-e1713617869924-768x784.jpg 768w, https:\/\/marikebotanique.fr\/wp-content\/uploads\/2024\/04\/20240420_122544-scaled-e1713617869924-59x60.jpg 59w, https:\/\/marikebotanique.fr\/wp-content\/uploads\/2024\/04\/20240420_122544-scaled-e1713617869924.jpg 1211w\" sizes=\"auto, (max-width: 1002px) 100vw, 1002px\" \/><figcaption class=\"wp-element-caption\">        Composition 3 plantes<\/figcaption><\/figure>\n<\/div>\n\n\n\n<div class=\"wp-block-column is-layout-flow wp-block-column-is-layout-flow\">\n<figure class=\"wp-block-image size-large\"><img loading=\"lazy\" decoding=\"async\" width=\"949\" height=\"1024\" src=\"http:\/\/marikebotanique.fr\/wp-content\/uploads\/2024\/05\/20240512_123902-scaled-e1717786540136-949x1024.jpg\" alt=\"\" class=\"wp-image-616\" srcset=\"https:\/\/marikebotanique.fr\/wp-content\/uploads\/2024\/05\/20240512_123902-scaled-e1717786540136-949x1024.jpg 949w, https:\/\/marikebotanique.fr\/wp-content\/uploads\/2024\/05\/20240512_123902-scaled-e1717786540136-278x300.jpg 278w, https:\/\/marikebotanique.fr\/wp-content\/uploads\/2024\/05\/20240512_123902-scaled-e1717786540136-768x829.jpg 768w, https:\/\/marikebotanique.fr\/wp-content\/uploads\/2024\/05\/20240512_123902-scaled-e1717786540136-56x60.jpg 56w, https:\/\/marikebotanique.fr\/wp-content\/uploads\/2024\/05\/20240512_123902-scaled-e1717786540136.jpg 1209w\" sizes=\"auto, (max-width: 949px) 100vw, 949px\" \/><figcaption class=\"wp-element-caption\">         Composition 4 plantes<\/figcaption><\/figure>\n<\/div>\n<\/div>\n","protected":false},"excerpt":{"rendered":"<p>Bienvenue chez Marike Botanique Vous recherchez une belle plante ou une composition originale dans les environs d\u2019Orchies, chez Marike Botanique chaque cr\u00e9ation est unique. COLLECTIONS D\u2019un passe-temps favori, les plantes et les compositions sont devenues une v\u00e9ritable activit\u00e9 artisanale dans laquelle j\u2019exprime tout mon savoir-faire et ma cr\u00e9ativit\u00e9. Vous trouverez donc des cr\u00e9ations authentiques r\u00e9alis\u00e9es avec passion et grand soin pour les v\u00e9g\u00e9taux. En fonction &hellip; <\/p>\n","protected":false},"author":1,"featured_media":0,"parent":0,"menu_order":0,"comment_status":"closed","ping_status":"closed","template":"","meta":{"_acf_changed":false,"footnotes":""},"class_list":["post-569","page","type-page","status-publish","hentry"],"acf":[],"_links":{"self":[{"href":"https:\/\/marikebotanique.fr\/index.php\/wp-json\/wp\/v2\/pages\/569","targetHints":{"allow":["GET"]}}],"collection":[{"href":"https:\/\/marikebotanique.fr\/index.php\/wp-json\/wp\/v2\/pages"}],"about":[{"href":"https:\/\/marikebotanique.fr\/index.php\/wp-json\/wp\/v2\/types\/page"}],"author":[{"embeddable":true,"href":"https:\/\/marikebotanique.fr\/index.php\/wp-json\/wp\/v2\/users\/1"}],"replies":[{"embeddable":true,"href":"https:\/\/marikebotanique.fr\/index.php\/wp-json\/wp\/v2\/comments?post=569"}],"version-history":[{"count":34,"href":"https:\/\/marikebotanique.fr\/index.php\/wp-json\/wp\/v2\/pages\/569\/revisions"}],"predecessor-version":[{"id":1052,"href":"https:\/\/marikebotanique.fr\/index.php\/wp-json\/wp\/v2\/pages\/569\/revisions\/1052"}],"wp:attachment":[{"href":"https:\/\/marikebotanique.fr\/index.php\/wp-json\/wp\/v2\/media?parent=569"}],"curies":[{"name":"wp","href":"https:\/\/api.w.org\/{rel}","templated":true}]}}