{"id":710,"date":"2024-06-08T09:49:08","date_gmt":"2024-06-08T07:49:08","guid":{"rendered":"https:\/\/marikebotanique.fr\/?page_id=710"},"modified":"2024-06-16T16:45:10","modified_gmt":"2024-06-16T14:45:10","slug":"abonnements","status":"publish","type":"page","link":"https:\/\/marikebotanique.fr\/index.php\/abonnements\/","title":{"rendered":"Abonnements"},"content":{"rendered":"\n<div class=\"wp-block-columns is-layout-flex wp-container-core-columns-is-layout-9d6595d7 wp-block-columns-is-layout-flex\">\n<div class=\"wp-block-column is-layout-flow wp-block-column-is-layout-flow\">\n<p>Les plantes offrent des avantages dans votre maison ou votre bureau. Elles sont connues pour leurs vertues de purification de l&#8217;air (Foug\u00e8res, Spathiphylum, Phylodendron etc.) ou encore pour absorber l&#8217;humidit\u00e9 dans l&#8217;air (Chlorophytum, Pil\u00e9a, Tradescantia etc.). Par un processus naturel (\u00e9vapotranspiration), les plantes d\u00e9gagent aussi de l&#8217;humidit\u00e9. Dans les logements et les bureaux, l&#8217;air est souvent sec \u00e0 cause des appareils comme la climatisation, le chauffage centrale ou encore les ordinateurs. Les plantes sont un moyen naturel d&#8217;augmenter le taux d&#8217;humidit\u00e9.<\/p>\n<\/div>\n\n\n\n<div class=\"wp-block-column is-layout-flow wp-block-column-is-layout-flow\">\n<figure class=\"wp-block-image size-large is-resized\"><img loading=\"lazy\" decoding=\"async\" width=\"2560\" height=\"1919\" src=\"https:\/\/marikebotanique.fr\/wp-content\/uploads\/2024\/06\/pexels-mayis-48519569-10801695-edited-1-scaled.jpg\" alt=\"\" class=\"wp-image-824\" style=\"width:340px;height:auto\" srcset=\"https:\/\/marikebotanique.fr\/wp-content\/uploads\/2024\/06\/pexels-mayis-48519569-10801695-edited-1-scaled.jpg 2560w, https:\/\/marikebotanique.fr\/wp-content\/uploads\/2024\/06\/pexels-mayis-48519569-10801695-edited-1-300x225.jpg 300w, https:\/\/marikebotanique.fr\/wp-content\/uploads\/2024\/06\/pexels-mayis-48519569-10801695-edited-1-1024x768.jpg 1024w, https:\/\/marikebotanique.fr\/wp-content\/uploads\/2024\/06\/pexels-mayis-48519569-10801695-edited-1-768x576.jpg 768w, https:\/\/marikebotanique.fr\/wp-content\/uploads\/2024\/06\/pexels-mayis-48519569-10801695-edited-1-1536x1151.jpg 1536w, https:\/\/marikebotanique.fr\/wp-content\/uploads\/2024\/06\/pexels-mayis-48519569-10801695-edited-1-2048x1535.jpg 2048w, https:\/\/marikebotanique.fr\/wp-content\/uploads\/2024\/06\/pexels-mayis-48519569-10801695-edited-1-80x60.jpg 80w\" sizes=\"auto, (max-width: 2560px) 100vw, 2560px\" \/><\/figure>\n<\/div>\n<\/div>\n\n\n\n<div class=\"wp-block-columns is-layout-flex wp-container-core-columns-is-layout-9d6595d7 wp-block-columns-is-layout-flex\">\n<div class=\"wp-block-column is-layout-flow wp-block-column-is-layout-flow\">\n<figure class=\"wp-block-image size-large is-resized\"><img loading=\"lazy\" decoding=\"async\" width=\"282\" height=\"188\" src=\"https:\/\/marikebotanique.fr\/wp-content\/uploads\/2024\/06\/living-room-2732939_1280-1-edited-2.jpg\" alt=\"\" class=\"wp-image-837\" style=\"width:258px;height:auto\" srcset=\"https:\/\/marikebotanique.fr\/wp-content\/uploads\/2024\/06\/living-room-2732939_1280-1-edited-2.jpg 282w, https:\/\/marikebotanique.fr\/wp-content\/uploads\/2024\/06\/living-room-2732939_1280-1-edited-2-90x60.jpg 90w\" sizes=\"auto, (max-width: 282px) 100vw, 282px\" \/><\/figure>\n<\/div>\n\n\n\n<div class=\"wp-block-column is-layout-flow wp-block-column-is-layout-flow\">\n<p>La pr\u00e9sence de plantes dans vos pi\u00e8ces augmente non seulement la qualit\u00e9 de l&#8217;air de votre environnement, mais les plantes apportent aussi une note de gaiet\u00e9 et de bien-\u00eatre. Afin d&#8217;en profiter pleinement sans vous en soucier, je propose des abonnements \u00e0 partir de 25 euros. Il existe 2 types d&#8217;abonnements.<\/p>\n<\/div>\n<\/div>\n\n\n\n<p class=\"has-text-color has-link-color has-large-font-size wp-elements-7dc792ed5714fae686212613ba917689\" style=\"color:#2a6729\"><strong>Location de plantes<\/strong><\/p>\n\n\n\n<p>Le system de la location s&#8217;adresse principalement aux commer\u00e7ants et aux entreprises dans le cadre de la mise en place de la politique RSE (Responsabilit\u00e9 soci\u00e9tale des entreprises). L&#8217;abonnement mensuel inclut un passage par mois. Vous pouvez choisir une plante verte ou une composition pour le prix de 30 euros par mois dans les rubriques <a href=\"https:\/\/marikebotanique.fr\/index.php\/category\/plantes\/plantes-vertes\/\">plantes vertes<\/a>, <a href=\"https:\/\/marikebotanique.fr\/index.php\/category\/plantes\/plantes-fleuries\/\">plantes fleuries<\/a> et <a href=\"https:\/\/marikebotanique.fr\/index.php\/category\/compositions\/\">compositions<\/a>. Pour chaque plante ou composition suppl\u00e9mentaire, le prix est de 10 euros la pi\u00e8ce. <\/p>\n\n\n\n<p>L&#8217;abonnement bi-mensuel inclut un passage tous les 15 jours pour l&#8217;entretien. Vous pouvez choisir une plante verte ou d&#8217;une composition une fois sur 2 pour le prix de 40 euros par mois dans les rubriques <a href=\"https:\/\/marikebotanique.fr\/index.php\/category\/plantes\/plantes-vertes\/\">plantes vertes<\/a>, <a href=\"https:\/\/marikebotanique.fr\/index.php\/category\/plantes\/plantes-fleuries\/\">plantes fleuries<\/a> et <a href=\"https:\/\/marikebotanique.fr\/index.php\/category\/compositions\/\">compositions<\/a>. Pour chaque plante ou composition suppl\u00e9mentaire, le est de 10 euros la pi\u00e8ce.<\/p>\n\n\n\n<p>Cette solution vous comporte de nombreux avantages: des plantes fra\u00eeches et entretenues, r\u00e9guli\u00e8rement de nouvelles plantes, un changement de d\u00e9cor, un large choix de plantes vertes et fleuries et surtout, la tranquillit\u00e9 d&#8217;esprit.<\/p>\n\n\n\n<div class=\"wp-block-columns is-layout-flex wp-container-core-columns-is-layout-9d6595d7 wp-block-columns-is-layout-flex\">\n<div class=\"wp-block-column is-layout-flow wp-block-column-is-layout-flow\">\n<figure class=\"wp-block-image size-large is-resized\"><img loading=\"lazy\" decoding=\"async\" width=\"768\" height=\"1024\" src=\"https:\/\/marikebotanique.fr\/wp-content\/uploads\/2024\/06\/houseplant-7367379_1280-768x1024.jpg\" alt=\"\" class=\"wp-image-830\" style=\"width:183px;height:auto\" srcset=\"https:\/\/marikebotanique.fr\/wp-content\/uploads\/2024\/06\/houseplant-7367379_1280-768x1024.jpg 768w, https:\/\/marikebotanique.fr\/wp-content\/uploads\/2024\/06\/houseplant-7367379_1280-225x300.jpg 225w, https:\/\/marikebotanique.fr\/wp-content\/uploads\/2024\/06\/houseplant-7367379_1280-45x60.jpg 45w, https:\/\/marikebotanique.fr\/wp-content\/uploads\/2024\/06\/houseplant-7367379_1280.jpg 960w\" sizes=\"auto, (max-width: 768px) 100vw, 768px\" \/><\/figure>\n<\/div>\n\n\n\n<div class=\"wp-block-column is-layout-flow wp-block-column-is-layout-flow\">\n<figure class=\"wp-block-image size-large is-resized\"><img loading=\"lazy\" decoding=\"async\" width=\"1024\" height=\"1024\" src=\"https:\/\/marikebotanique.fr\/wp-content\/uploads\/2024\/06\/ai-generated-8544843_1280-1024x1024.jpg\" alt=\"\" class=\"wp-image-937\" style=\"width:246px;height:auto\" srcset=\"https:\/\/marikebotanique.fr\/wp-content\/uploads\/2024\/06\/ai-generated-8544843_1280-1024x1024.jpg 1024w, https:\/\/marikebotanique.fr\/wp-content\/uploads\/2024\/06\/ai-generated-8544843_1280-300x300.jpg 300w, https:\/\/marikebotanique.fr\/wp-content\/uploads\/2024\/06\/ai-generated-8544843_1280-150x150.jpg 150w, https:\/\/marikebotanique.fr\/wp-content\/uploads\/2024\/06\/ai-generated-8544843_1280-768x768.jpg 768w, https:\/\/marikebotanique.fr\/wp-content\/uploads\/2024\/06\/ai-generated-8544843_1280-435x435.jpg 435w, https:\/\/marikebotanique.fr\/wp-content\/uploads\/2024\/06\/ai-generated-8544843_1280-60x60.jpg 60w, https:\/\/marikebotanique.fr\/wp-content\/uploads\/2024\/06\/ai-generated-8544843_1280.jpg 1280w\" sizes=\"auto, (max-width: 1024px) 100vw, 1024px\" \/><\/figure>\n<\/div>\n\n\n\n<div class=\"wp-block-column is-layout-flow wp-block-column-is-layout-flow\">\n<figure class=\"wp-block-image size-large is-resized\"><img loading=\"lazy\" decoding=\"async\" width=\"682\" height=\"1024\" src=\"https:\/\/marikebotanique.fr\/wp-content\/uploads\/2024\/06\/cactus-6851297_1280-682x1024.jpg\" alt=\"\" class=\"wp-image-833\" style=\"width:162px;height:auto\" srcset=\"https:\/\/marikebotanique.fr\/wp-content\/uploads\/2024\/06\/cactus-6851297_1280-682x1024.jpg 682w, https:\/\/marikebotanique.fr\/wp-content\/uploads\/2024\/06\/cactus-6851297_1280-200x300.jpg 200w, https:\/\/marikebotanique.fr\/wp-content\/uploads\/2024\/06\/cactus-6851297_1280-768x1152.jpg 768w, https:\/\/marikebotanique.fr\/wp-content\/uploads\/2024\/06\/cactus-6851297_1280-40x60.jpg 40w, https:\/\/marikebotanique.fr\/wp-content\/uploads\/2024\/06\/cactus-6851297_1280.jpg 853w\" sizes=\"auto, (max-width: 682px) 100vw, 682px\" \/><\/figure>\n<\/div>\n<\/div>\n","protected":false},"excerpt":{"rendered":"<p>Les plantes offrent des avantages dans votre maison ou votre bureau. Elles sont connues pour leurs vertues de purification de l&#8217;air (Foug\u00e8res, Spathiphylum, Phylodendron etc.) ou encore pour absorber l&#8217;humidit\u00e9 dans l&#8217;air (Chlorophytum, Pil\u00e9a, Tradescantia etc.). Par un processus naturel (\u00e9vapotranspiration), les plantes d\u00e9gagent aussi de l&#8217;humidit\u00e9. Dans les logements et les bureaux, l&#8217;air est souvent sec \u00e0 cause des appareils comme la climatisation, le &hellip; <\/p>\n","protected":false},"author":1,"featured_media":0,"parent":0,"menu_order":0,"comment_status":"closed","ping_status":"closed","template":"","meta":{"_acf_changed":false,"footnotes":""},"class_list":["post-710","page","type-page","status-publish","hentry"],"acf":[],"_links":{"self":[{"href":"https:\/\/marikebotanique.fr\/index.php\/wp-json\/wp\/v2\/pages\/710","targetHints":{"allow":["GET"]}}],"collection":[{"href":"https:\/\/marikebotanique.fr\/index.php\/wp-json\/wp\/v2\/pages"}],"about":[{"href":"https:\/\/marikebotanique.fr\/index.php\/wp-json\/wp\/v2\/types\/page"}],"author":[{"embeddable":true,"href":"https:\/\/marikebotanique.fr\/index.php\/wp-json\/wp\/v2\/users\/1"}],"replies":[{"embeddable":true,"href":"https:\/\/marikebotanique.fr\/index.php\/wp-json\/wp\/v2\/comments?post=710"}],"version-history":[{"count":20,"href":"https:\/\/marikebotanique.fr\/index.php\/wp-json\/wp\/v2\/pages\/710\/revisions"}],"predecessor-version":[{"id":940,"href":"https:\/\/marikebotanique.fr\/index.php\/wp-json\/wp\/v2\/pages\/710\/revisions\/940"}],"wp:attachment":[{"href":"https:\/\/marikebotanique.fr\/index.php\/wp-json\/wp\/v2\/media?parent=710"}],"curies":[{"name":"wp","href":"https:\/\/api.w.org\/{rel}","templated":true}]}}